{"id":438,"date":"2024-05-15T21:52:04","date_gmt":"2024-05-15T19:52:04","guid":{"rendered":"https:\/\/bastienjorigne.com\/photographe-guide-naturaliste\/?page_id=438"},"modified":"2024-11-03T11:36:07","modified_gmt":"2024-11-03T10:36:07","slug":"animation-formation-naturaliste","status":"publish","type":"page","link":"https:\/\/bastienjorigne.com\/photographe-guide-naturaliste\/animation-formation-naturaliste\/","title":{"rendered":"Animation &amp; formation naturaliste"},"content":{"rendered":"<style>.kb-row-layout-id438_07742c-09 > .kt-row-column-wrap{align-content:start;}:where(.kb-row-layout-id438_07742c-09 > .kt-row-column-wrap) > .wp-block-kadence-column{justify-content:start;}.kb-row-layout-id438_07742c-09 > .kt-row-column-wrap{column-gap:var(--global-kb-gap-md, 2rem);row-gap:var(--global-kb-gap-md, 2rem);max-width:600px;margin-left:auto;margin-right:auto;padding-top:350px;padding-right:0px;padding-bottom:140px;padding-left:0px;grid-template-columns:minmax(0, 1fr);}.kb-row-layout-id438_07742c-09{background-image:url('https:\/\/bastienjorigne.com\/photographe-guide-naturaliste\/wp-content\/uploads\/sites\/6\/2023\/12\/Example-A-Roll-Image-scaled-1.jpg');background-size:cover;background-position:center center;background-attachment:fixed;background-repeat:no-repeat;}.kb-row-layout-id438_07742c-09 > .kt-row-layout-overlay{opacity:0.80;background-color:var(--global-palette1, #3182CE);mix-blend-mode:normal;}@media all and (max-width: 1024px), only screen and (min-device-width: 1024px) and (max-device-width: 1366px) and (-webkit-min-device-pixel-ratio: 2) and (hover: none){.kb-row-layout-id438_07742c-09{background-attachment:scroll;}}@media all and (max-width: 1024px){.kb-row-layout-id438_07742c-09 > .kt-row-column-wrap{grid-template-columns:minmax(0, 1fr);}}@media all and (max-width: 767px){.kb-row-layout-id438_07742c-09 > .kt-row-column-wrap{padding-top:120px;padding-right:15px;padding-bottom:60px;padding-left:15px;grid-template-columns:minmax(0, 1fr);}}<\/style><div class=\"kb-row-layout-wrap kb-row-layout-id438_07742c-09 alignfull kt-row-has-bg wp-block-kadence-rowlayout\"><div class=\"kt-row-layout-overlay kt-row-overlay-normal\"><\/div><div class=\"kt-row-column-wrap kt-has-1-columns kt-row-layout-equal kt-tab-layout-inherit kt-mobile-layout-row kt-row-valign-top\">\n<style>.kadence-column438_c61e89-1f > .kt-inside-inner-col{padding-top:10px;padding-right:10px;padding-bottom:10px;padding-left:10px;}.kadence-column438_c61e89-1f > .kt-inside-inner-col,.kadence-column438_c61e89-1f > .kt-inside-inner-col:before{border-top-left-radius:0px;border-top-right-radius:0px;border-bottom-right-radius:0px;border-bottom-left-radius:0px;}.kadence-column438_c61e89-1f > .kt-inside-inner-col{column-gap:var(--global-kb-gap-sm, 1rem);}.kadence-column438_c61e89-1f > .kt-inside-inner-col{flex-direction:column;}.kadence-column438_c61e89-1f > .kt-inside-inner-col > .aligncenter{width:100%;}.kadence-column438_c61e89-1f > .kt-inside-inner-col:before{opacity:0.3;}.kadence-column438_c61e89-1f{position:relative;}@media all and (max-width: 1024px){.kadence-column438_c61e89-1f > .kt-inside-inner-col{flex-direction:column;justify-content:center;}}@media all and (max-width: 767px){.kadence-column438_c61e89-1f > .kt-inside-inner-col{flex-direction:column;justify-content:center;}}<\/style>\n<div class=\"wp-block-kadence-column kadence-column438_c61e89-1f inner-column-1\"><div class=\"kt-inside-inner-col\"><style>.wp-block-kadence-advancedheading.kt-adv-heading438_14c1b2-37, .wp-block-kadence-advancedheading.kt-adv-heading438_14c1b2-37[data-kb-block=\"kb-adv-heading438_14c1b2-37\"]{margin-bottom:26px;text-align:center;font-size:var(--global-kb-font-size-xl, 3rem);line-height:64px;font-style:normal;}.wp-block-kadence-advancedheading.kt-adv-heading438_14c1b2-37 mark.kt-highlight, .wp-block-kadence-advancedheading.kt-adv-heading438_14c1b2-37[data-kb-block=\"kb-adv-heading438_14c1b2-37\"] mark.kt-highlight{font-style:normal;color:#f76a0c;-webkit-box-decoration-break:clone;box-decoration-break:clone;padding-top:0px;padding-right:0px;padding-bottom:0px;padding-left:0px;}.wp-block-kadence-advancedheading.kt-adv-heading438_14c1b2-37 img.kb-inline-image, .wp-block-kadence-advancedheading.kt-adv-heading438_14c1b2-37[data-kb-block=\"kb-adv-heading438_14c1b2-37\"] img.kb-inline-image{width:150px;vertical-align:baseline;}@media all and (max-width: 767px){.wp-block-kadence-advancedheading.kt-adv-heading438_14c1b2-37, .wp-block-kadence-advancedheading.kt-adv-heading438_14c1b2-37[data-kb-block=\"kb-adv-heading438_14c1b2-37\"]{font-size:32px;line-height:36px;}}<\/style>\n<h1 class=\"kt-adv-heading438_14c1b2-37 wp-block-kadence-advancedheading has-theme-palette-9-color has-text-color\" data-kb-block=\"kb-adv-heading438_14c1b2-37\">En construction&#8230;.<\/h1>\n\n\n<style>.wp-block-kadence-advancedheading.kt-adv-heading438_e09ccb-48, .wp-block-kadence-advancedheading.kt-adv-heading438_e09ccb-48[data-kb-block=\"kb-adv-heading438_e09ccb-48\"]{margin-bottom:40px;text-align:center;font-style:normal;}.wp-block-kadence-advancedheading.kt-adv-heading438_e09ccb-48 mark.kt-highlight, .wp-block-kadence-advancedheading.kt-adv-heading438_e09ccb-48[data-kb-block=\"kb-adv-heading438_e09ccb-48\"] mark.kt-highlight{font-style:normal;color:#f76a0c;-webkit-box-decoration-break:clone;box-decoration-break:clone;padding-top:0px;padding-right:0px;padding-bottom:0px;padding-left:0px;}.wp-block-kadence-advancedheading.kt-adv-heading438_e09ccb-48 img.kb-inline-image, .wp-block-kadence-advancedheading.kt-adv-heading438_e09ccb-48[data-kb-block=\"kb-adv-heading438_e09ccb-48\"] img.kb-inline-image{width:150px;vertical-align:baseline;}<\/style>\n<p class=\"kt-adv-heading438_e09ccb-48 wp-block-kadence-advancedheading has-theme-palette-9-color has-text-color\" data-kb-block=\"kb-adv-heading438_e09ccb-48\">Vous retrouverez ici les animations et formations naturalistes que je propose pour les organismes priv\u00e9s, associations, communes, collectivit\u00e9s&#8230;<br>N&rsquo;h\u00e9sitez pas \u00e0 me contacter !<\/p>\n\n\n\n<ul class=\"wp-block-social-links has-large-icon-size is-style-default is-content-justification-center is-layout-flex wp-container-core-social-links-is-layout-16018d1d wp-block-social-links-is-layout-flex\"><li class=\"wp-social-link wp-social-link-linkedin  wp-block-social-link\"><a rel=\"noopener nofollow\" target=\"_blank\" href=\"https:\/\/www.linkedin.com\/in\/bastien-jorign%C3%A9-b56ba014a\/\" class=\"wp-block-social-link-anchor\"><svg width=\"24\" height=\"24\" viewBox=\"0 0 24 24\" version=\"1.1\" xmlns=\"http:\/\/www.w3.org\/2000\/svg\" aria-hidden=\"true\" focusable=\"false\"><path d=\"M19.7,3H4.3C3.582,3,3,3.582,3,4.3v15.4C3,20.418,3.582,21,4.3,21h15.4c0.718,0,1.3-0.582,1.3-1.3V4.3 C21,3.582,20.418,3,19.7,3z M8.339,18.338H5.667v-8.59h2.672V18.338z M7.004,8.574c-0.857,0-1.549-0.694-1.549-1.548 c0-0.855,0.691-1.548,1.549-1.548c0.854,0,1.547,0.694,1.547,1.548C8.551,7.881,7.858,8.574,7.004,8.574z M18.339,18.338h-2.669 v-4.177c0-0.996-0.017-2.278-1.387-2.278c-1.389,0-1.601,1.086-1.601,2.206v4.249h-2.667v-8.59h2.559v1.174h0.037 c0.356-0.675,1.227-1.387,2.526-1.387c2.703,0,3.203,1.779,3.203,4.092V18.338z\"><\/path><\/svg><span class=\"wp-block-social-link-label screen-reader-text\">LinkedIn<\/span><\/a><\/li><\/ul>\n\n\n<style>.wp-block-kadence-advancedbtn.kt-btns438_06c092-be, .site .entry-content .wp-block-kadence-advancedbtn.kt-btns438_06c092-be, .wp-block-kadence-advancedbtn.kb-btns438_06c092-be, .site .entry-content .wp-block-kadence-advancedbtn.kb-btns438_06c092-be{margin-top:0px;margin-bottom:-5px;}.wp-block-kadence-advancedbtn.kb-btns438_06c092-be{gap:var(--global-kb-gap-xs, 0.5rem );justify-content:center;align-items:center;}.kt-btns438_06c092-be .kt-button{font-weight:normal;font-style:normal;}<\/style>\n<div class=\"wp-block-kadence-advancedbtn kb-buttons-wrap kb-btns438_06c092-be\"><style>ul.menu .wp-block-kadence-advancedbtn .kb-btn438_7dc7de-49.kb-button{width:initial;}.wp-block-kadence-advancedbtn .kb-btn438_7dc7de-49.kb-button{color:var(--global-palette9, #ffffff);background:var(--global-palette3, #1A202C);padding-top:16px;padding-bottom:16px;}.wp-block-kadence-advancedbtn .kb-btn438_7dc7de-49.kb-button:hover, .wp-block-kadence-advancedbtn .kb-btn438_7dc7de-49.kb-button:focus{color:var(--global-palette9, #ffffff);background:var(--global-palette4, #2D3748);}<\/style><a class=\"kb-button kt-button button kb-btn438_7dc7de-49 kt-btn-size-standard kt-btn-width-type-auto kb-btn-global-inherit  kt-btn-has-text-true kt-btn-has-svg-false  wp-block-button__link wp-block-kadence-singlebtn\" href=\"https:\/\/bastienjorigne.com\/photographe-guide-naturaliste\/contact\/\"><span class=\"kt-btn-inner-text\">Me contacter<\/span><\/a><\/div>\n<\/div><\/div>\n\n<\/div><\/div>\n\n\n<p><\/p>\n","protected":false},"excerpt":{"rendered":"<p>En construction&#8230;. Vous retrouverez ici les animations et formations naturalistes que je propose pour les organismes priv\u00e9s, associations, communes, collectivit\u00e9s&#8230;N&rsquo;h\u00e9sitez pas \u00e0 me contacter !<\/p>\n","protected":false},"author":1,"featured_media":0,"parent":0,"menu_order":0,"comment_status":"closed","ping_status":"closed","template":"","meta":{"ngg_post_thumbnail":0,"_kad_post_transparent":"enable","_kad_post_title":"","_kad_post_layout":"","_kad_post_sidebar_id":"","_kad_post_content_style":"","_kad_post_vertical_padding":"","_kad_post_feature":"","_kad_post_feature_position":"","_kad_post_header":false,"_kad_post_footer":false,"_kad_post_classname":"","_vp_format_video_url":"","_vp_image_focal_point":[],"footnotes":""},"class_list":["post-438","page","type-page","status-publish","hentry"],"_links":{"self":[{"href":"https:\/\/bastienjorigne.com\/photographe-guide-naturaliste\/wp-json\/wp\/v2\/pages\/438","targetHints":{"allow":["GET"]}}],"collection":[{"href":"https:\/\/bastienjorigne.com\/photographe-guide-naturaliste\/wp-json\/wp\/v2\/pages"}],"about":[{"href":"https:\/\/bastienjorigne.com\/photographe-guide-naturaliste\/wp-json\/wp\/v2\/types\/page"}],"author":[{"embeddable":true,"href":"https:\/\/bastienjorigne.com\/photographe-guide-naturaliste\/wp-json\/wp\/v2\/users\/1"}],"replies":[{"embeddable":true,"href":"https:\/\/bastienjorigne.com\/photographe-guide-naturaliste\/wp-json\/wp\/v2\/comments?post=438"}],"version-history":[{"count":4,"href":"https:\/\/bastienjorigne.com\/photographe-guide-naturaliste\/wp-json\/wp\/v2\/pages\/438\/revisions"}],"predecessor-version":[{"id":890,"href":"https:\/\/bastienjorigne.com\/photographe-guide-naturaliste\/wp-json\/wp\/v2\/pages\/438\/revisions\/890"}],"wp:attachment":[{"href":"https:\/\/bastienjorigne.com\/photographe-guide-naturaliste\/wp-json\/wp\/v2\/media?parent=438"}],"curies":[{"name":"wp","href":"https:\/\/api.w.org\/{rel}","templated":true}]}}