{"id":3,"date":"2023-11-16T10:21:22","date_gmt":"2023-11-16T10:21:22","guid":{"rendered":"http:\/\/bastienjorigne.com\/photographe-animaux-compagnie-famille\/?page_id=3"},"modified":"2024-07-01T22:09:19","modified_gmt":"2024-07-01T20:09:19","slug":"privacy-policy","status":"publish","type":"page","link":"https:\/\/bastienjorigne.com\/photographe-animaux-compagnie-famille\/privacy-policy\/","title":{"rendered":"Mentions l\u00e9gales"},"content":{"rendered":"\n<h2 class=\"wp-block-heading\"><strong>1 &#8211; \u00c9dition du site<\/strong><\/h2>\n\n\n\n<p>En vertu de<a href=\"https:\/\/www.legifrance.gouv.fr\/affichTexte.do?cidTexte=JORFTEXT000000801164#LEGIARTI000042038977\"> l&rsquo;article 6 de la loi n\u00b0 2004-575 du 21 juin 2004<\/a> pour la confiance dans l&rsquo;\u00e9conomie num\u00e9rique, il est pr\u00e9cis\u00e9 aux utilisateurs du site internet <strong>https:\/\/bastienjorigne.com\/photographe-animaux-compagnie-famille\/<\/strong> l&rsquo;identit\u00e9 des diff\u00e9rents intervenants dans le cadre de sa r\u00e9alisation et de son suivi:<\/p>\n\n\n\n<p><strong>Propri\u00e9taire du site : <\/strong>Bastien Jorign\u00e9 &#8211; Contact : bastien.jorigne.pro@proton.me 0695551209 &#8211; Adresse : 35 La Perrais, 35580 Guichen.<\/p>\n\n\n\n<p><strong>Identification de l&rsquo;entreprise :<\/strong> Bastien Jorign\u00e9, entrepreneur individuel &#8211; SIREN : 980016638 &#8211; RCS ou RM : &#8211; Adresse postale : 35 La Perrais, 35580 Guichen &#8211; https:\/\/bastienjorigne.com\/photographe-animaux-compagnie-famille\/cgv\/<\/p>\n\n\n\n<p><strong>Directeur de la publication : <\/strong>Laura Csukonyi &#8211; Contact : csukonyi.laura.pro@protonmail.com.<\/p>\n\n\n\n<p><strong>H\u00e9bergeur :<\/strong> Hostinger, UAB Jonavos g. 60C, 44192 Kaunas, Lituanie<\/p>\n\n\n\n<p><strong>D\u00e9l\u00e9gu\u00e9 \u00e0 la protection des donn\u00e9es : <\/strong>Bastien Jorign\u00e9 &#8211; bastien.jorigne.pro@proton.me<\/p>\n\n\n\n<h2 class=\"wp-block-heading\"><strong>2 &#8211; Propri\u00e9t\u00e9 intellectuelle et contrefa\u00e7ons.<\/strong><\/h2>\n\n\n\n<p><strong>Bastien Jorign\u00e9<\/strong> est propri\u00e9taire des droits de propri\u00e9t\u00e9 intellectuelle et d\u00e9tient les droits d\u2019usage sur tous les \u00e9l\u00e9ments accessibles sur le site internet, notamment les textes, images, graphismes, logos, vid\u00e9os, architecture, ic\u00f4nes et sons.<\/p>\n\n\n\n<p>Toute reproduction, repr\u00e9sentation, modification, publication, adaptation de tout ou partie des \u00e9l\u00e9ments du site, quel que soit le moyen ou le proc\u00e9d\u00e9 utilis\u00e9, est interdite, sauf autorisation \u00e9crite pr\u00e9alable de <strong>Bastien Jorign\u00e9<\/strong>.<\/p>\n\n\n\n<p>Toute exploitation non autoris\u00e9e du site ou de l\u2019un quelconque des \u00e9l\u00e9ments qu\u2019il contient sera consid\u00e9r\u00e9e comme constitutive d\u2019une contrefa\u00e7on et poursuivie conform\u00e9ment aux dispositions des articles<a href=\"https:\/\/www.legifrance.gouv.fr\/affichCodeArticle.do?idArticle=LEGIARTI000032655082&amp;cidTexte=LEGITEXT000006069414&amp;dateTexte=20160605\"> L.335-2 et suivants du Code de Propri\u00e9t\u00e9 Intellectuelle<\/a>.<\/p>\n\n\n\n<h2 class=\"wp-block-heading\"><strong>3 &#8211; Limitations de responsabilit\u00e9.<\/strong><\/h2>\n\n\n\n<p><strong>Bastien Jorign\u00e9<\/strong> ne pourra \u00eatre tenu pour responsable des dommages directs et indirects caus\u00e9s au mat\u00e9riel de l\u2019utilisateur, lors de l\u2019acc\u00e8s au site <strong>https:\/\/bastienjorigne.com\/photographe-animaux-compagnie-famille\/<\/strong>.<\/p>\n\n\n\n<p><strong>Bastien Jorign\u00e9<\/strong> d\u00e9cline toute responsabilit\u00e9 quant \u00e0 l\u2019utilisation qui pourrait \u00eatre faite des informations et contenus pr\u00e9sents sur <strong>https:\/\/bastienjorigne.com\/photographe-animaux-compagnie-famille\/<\/strong>.<\/p>\n\n\n\n<p><strong>Bastien Jorign\u00e9<\/strong> s\u2019engage \u00e0 s\u00e9curiser au mieux le site <strong>https:\/\/bastienjorigne.com\/photographe-animaux-compagnie-famille\/<\/strong>, cependant sa responsabilit\u00e9 ne pourra \u00eatre mise en cause si des donn\u00e9es ind\u00e9sirables sont import\u00e9es et install\u00e9es sur son site \u00e0 son insu.<\/p>\n\n\n\n<p>Des espaces interactifs (espace contact ou commentaires) sont \u00e0 la disposition des utilisateurs. <strong>Bastien Jorign\u00e9<\/strong> se r\u00e9serve le droit de supprimer, sans mise en demeure pr\u00e9alable, tout contenu d\u00e9pos\u00e9 dans cet espace qui contreviendrait \u00e0 la l\u00e9gislation applicable en France, en particulier aux dispositions relatives \u00e0 la protection des donn\u00e9es.<\/p>\n\n\n\n<p>Le cas \u00e9ch\u00e9ant, <strong>Bastien Jorign\u00e9<\/strong> se r\u00e9serve \u00e9galement la possibilit\u00e9 de mettre en cause la responsabilit\u00e9 civile et\/ou p\u00e9nale de l\u2019utilisateur, notamment en cas de message \u00e0 caract\u00e8re raciste, injurieux, diffamant, ou pornographique, quel que soit le support utilis\u00e9 (texte, photographie \u2026).<\/p>\n\n\n\n<h2 class=\"wp-block-heading\"><strong>4 &#8211; CNIL et gestion des donn\u00e9es personnelles.<\/strong><\/h2>\n\n\n\n<p>Conform\u00e9ment aux dispositions de<a href=\"https:\/\/www.legifrance.gouv.fr\/affichTexte.do?cidTexte=JORFTEXT000000886460\"> la loi 78-17 du 6 janvier 1978 modifi\u00e9e<\/a>, l\u2019utilisateur du site <strong>https:\/\/bastienjorigne.com\/photographe-animaux-compagnie-famille\/<\/strong> dispose d\u2019un droit d\u2019acc\u00e8s, de modification et de suppression des informations collect\u00e9es. Pour exercer ce droit, envoyez un message \u00e0 notre D\u00e9l\u00e9gu\u00e9 \u00e0 la Protection des Donn\u00e9es : <\/p>\n\n\n\n<p><strong>Bastien Jorign\u00e9<\/strong> &#8211; <strong>bastien.jorigne.pro@proton.me<\/strong>.<\/p>\n\n\n\n<p>Pour plus d&rsquo;informations sur la fa\u00e7on dont nous traitons vos donn\u00e9es (type de donn\u00e9es, finalit\u00e9, destinataire&#8230;), lisez notre politique de confidentialit\u00e9<\/p>\n\n\n\n<p><strong>https:\/\/bastienjorigne.com\/photographe-animaux-compagnie-famille\/privacy-policy\/<\/strong><\/p>\n\n\n\n<h2 class=\"wp-block-heading\"><strong>5 &#8211; Liens hypertextes et cookies<\/strong><\/h2>\n\n\n\n<p>Le site <strong>https:\/\/bastienjorigne.com\/photographe-animaux-compagnie-famille\/<\/strong> contient des liens hypertextes vers d\u2019autres sites et d\u00e9gage toute responsabilit\u00e9 \u00e0 propos de ces liens externes ou des liens cr\u00e9\u00e9s par d\u2019autres sites vers <strong>https:\/\/bastienjorigne.com\/photographe-animaux-compagnie-famille\/<\/strong>.<\/p>\n\n\n\n<p>La navigation sur le site <strong>https:\/\/bastienjorigne.com\/photographe-animaux-compagnie-famille\/<\/strong> est susceptible de provoquer l\u2019installation de cookie(s) sur l\u2019ordinateur de l\u2019utilisateur.<\/p>\n\n\n\n<p>Un \u00ab\u00a0cookie\u00a0\u00bb est un fichier de petite taille qui enregistre des informations relatives \u00e0 la navigation d\u2019un utilisateur sur un site. Les donn\u00e9es ainsi obtenues permettent d&rsquo;obtenir des mesures de fr\u00e9quentation, par exemple.<\/p>\n\n\n\n<p>Vous avez la possibilit\u00e9 <strong>d\u2019accepter ou de refuser les cookies<\/strong> en modifiant les param\u00e8tres de votre navigateur. Aucun cookie ne sera d\u00e9pos\u00e9 sans votre consentement.<\/p>\n\n\n\n<p>Les cookies sont enregistr\u00e9s pour une dur\u00e9e maximale de 1 mois.<\/p>\n\n\n\n<p>Pour plus d&rsquo;informations sur la fa\u00e7on dont nous faisons usage des cookies, lisez notre politique de confidentialit\u00e9\/ politique de cookies <strong>https:\/\/bastienjorigne.com\/photographe-animaux-compagnie-famille\/privacy-policy\/<\/strong>. <\/p>\n\n\n\n<h2 class=\"wp-block-heading\"><strong>6 &#8211; Droit applicable et attribution de juridiction.<\/strong><\/h2>\n\n\n\n<p>Tout litige en relation avec l\u2019utilisation du site <strong>https:\/\/bastienjorigne.com\/photographe-animaux-compagnie-famille\/<\/strong> est soumis au droit fran\u00e7ais. En dehors des cas o\u00f9 la loi ne le permet pas, il est fait attribution exclusive de juridiction aux tribunaux comp\u00e9tents de <strong>Tribunal judiciaire de Rennes<\/strong>.<\/p>\n","protected":false},"excerpt":{"rendered":"<p>1 &#8211; \u00c9dition du site En vertu de l&rsquo;article 6 de la loi n\u00b0 2004-575 du 21 juin 2004 pour la confiance dans l&rsquo;\u00e9conomie num\u00e9rique, il est pr\u00e9cis\u00e9 aux utilisateurs du site internet https:\/\/bastienjorigne.com\/photographe-animaux-compagnie-famille\/ l&rsquo;identit\u00e9 des diff\u00e9rents intervenants dans le cadre de sa r\u00e9alisation et de son suivi: Propri\u00e9taire du site : Bastien Jorign\u00e9 &#8211;&#8230;<\/p>\n","protected":false},"author":1,"featured_media":0,"parent":0,"menu_order":0,"comment_status":"closed","ping_status":"open","template":"","meta":{"_kad_post_transparent":"","_kad_post_title":"show","_kad_post_layout":"narrow","_kad_post_sidebar_id":"","_kad_post_content_style":"boxed","_kad_post_vertical_padding":"show","_kad_post_feature":"","_kad_post_feature_position":"","_kad_post_header":false,"_kad_post_footer":false,"_kad_post_classname":"","_vp_format_video_url":"","_vp_image_focal_point":[],"footnotes":""},"class_list":["post-3","page","type-page","status-publish","hentry"],"_links":{"self":[{"href":"https:\/\/bastienjorigne.com\/photographe-animaux-compagnie-famille\/wp-json\/wp\/v2\/pages\/3","targetHints":{"allow":["GET"]}}],"collection":[{"href":"https:\/\/bastienjorigne.com\/photographe-animaux-compagnie-famille\/wp-json\/wp\/v2\/pages"}],"about":[{"href":"https:\/\/bastienjorigne.com\/photographe-animaux-compagnie-famille\/wp-json\/wp\/v2\/types\/page"}],"author":[{"embeddable":true,"href":"https:\/\/bastienjorigne.com\/photographe-animaux-compagnie-famille\/wp-json\/wp\/v2\/users\/1"}],"replies":[{"embeddable":true,"href":"https:\/\/bastienjorigne.com\/photographe-animaux-compagnie-famille\/wp-json\/wp\/v2\/comments?post=3"}],"version-history":[{"count":4,"href":"https:\/\/bastienjorigne.com\/photographe-animaux-compagnie-famille\/wp-json\/wp\/v2\/pages\/3\/revisions"}],"predecessor-version":[{"id":1178,"href":"https:\/\/bastienjorigne.com\/photographe-animaux-compagnie-famille\/wp-json\/wp\/v2\/pages\/3\/revisions\/1178"}],"wp:attachment":[{"href":"https:\/\/bastienjorigne.com\/photographe-animaux-compagnie-famille\/wp-json\/wp\/v2\/media?parent=3"}],"curies":[{"name":"wp","href":"https:\/\/api.w.org\/{rel}","templated":true}]}}